 {"id":91,"date":"2025-11-24T21:54:00","date_gmt":"2025-11-24T21:54:00","guid":{"rendered":"https:\/\/sircle.w3code.de\/?page_id=91"},"modified":"2025-12-10T20:22:37","modified_gmt":"2025-12-10T20:22:37","slug":"kontakt","status":"publish","type":"page","link":"https:\/\/secondlife.sedus.com\/de\/kontakt\/","title":{"rendered":"Kontakt"},"content":{"rendered":"\n<div class=\"wp-block-group\"><div class=\"wp-block-group__inner-container is-layout-constrained wp-block-group-is-layout-constrained\">\n<h1 class=\"wp-block-heading has-text-align-center\">Kontakt<\/h1>\n\n\n\n<div class=\"wp-block-columns contact is-layout-flex wp-container-core-columns-is-layout-9d6595d7 wp-block-columns-is-layout-flex\">\n<div class=\"wp-block-column is-layout-flow wp-block-column-is-layout-flow\" style=\"flex-basis:66.66%\">\n<p>Machen Sie den ersten Schritt in Richtung zirkul\u00e4rer B\u00fcrol\u00f6sungen \u2013<br>gemeinsam schlie\u00dfen wir den Kreis.<\/p>\n\n\n<div class=\"wpforms-container wpforms-block wpforms-block-940a2f30-77dd-4576-b531-d2345f262132 wpforms-render-modern\" id=\"wpforms-88\"><form id=\"wpforms-form-88\" class=\"wpforms-validate wpforms-form wpforms-ajax-form\" data-formid=\"88\" method=\"post\" enctype=\"multipart\/form-data\" action=\"\/de\/wp-json\/wp\/v2\/pages\/91\" data-token=\"9cb0e9782958b4116f2121f88f1fd9f8\" data-token-time=\"1776483720\"><noscript class=\"wpforms-error-noscript\">Bitte aktiviere JavaScript in deinem Browser, um dieses Formular fertigzustellen.<\/noscript><div id=\"wpforms-error-noscript\" style=\"display: none;\">Bitte aktiviere JavaScript in deinem Browser, um dieses Formular fertigzustellen.<\/div><div class=\"wpforms-field-container\"><div id=\"wpforms-88-field_4-container\" class=\"wpforms-field wpforms-field-text\" data-field-id=\"4\"><label class=\"wpforms-field-label wpforms-label-hide\" for=\"wpforms-88-field_4\" aria-hidden=\"false\">Firma <span class=\"wpforms-required-label\" aria-hidden=\"true\">*<\/span><\/label><input type=\"text\" id=\"wpforms-88-field_4\" class=\"wpforms-field-large wpforms-field-required\" name=\"wpforms[fields][4]\" placeholder=\"Firma*\" aria-errormessage=\"wpforms-88-field_4-error\" required><\/div><div id=\"wpforms-88-field_1-container\" class=\"wpforms-field wpforms-field-name\" data-field-id=\"1\"><fieldset><legend class=\"wpforms-field-label wpforms-label-hide\" aria-hidden=\"false\">Name <span class=\"wpforms-required-label\" aria-hidden=\"true\">*<\/span><\/legend><div class=\"wpforms-field-row wpforms-field-large\"><div class=\"wpforms-field-row-block wpforms-first wpforms-one-half\"><input type=\"text\" id=\"wpforms-88-field_1\" class=\"wpforms-field-name-first wpforms-field-required\" name=\"wpforms[fields][1][first]\" placeholder=\"Vorname*\" aria-errormessage=\"wpforms-88-field_1-error\" required><label for=\"wpforms-88-field_1\" class=\"wpforms-field-sublabel after wpforms-sublabel-hide\">Vorname<\/label><\/div><div class=\"wpforms-field-row-block wpforms-one-half\"><input type=\"text\" id=\"wpforms-88-field_1-last\" class=\"wpforms-field-name-last wpforms-field-required\" name=\"wpforms[fields][1][last]\" placeholder=\"Nachname*\" aria-errormessage=\"wpforms-88-field_1-last-error\" required><label for=\"wpforms-88-field_1-last\" class=\"wpforms-field-sublabel after wpforms-sublabel-hide\">Nachname<\/label><\/div><\/div><\/fieldset><\/div>\t\t<div id=\"wpforms-88-field_6-container\"\n\t\t\tclass=\"wpforms-field wpforms-field-text\"\n\t\t\tdata-field-type=\"text\"\n\t\t\tdata-field-id=\"6\"\n\t\t\t>\n\t\t\t<label class=\"wpforms-field-label\" for=\"wpforms-88-field_6\" >E-Mail-Adresse Telefon Nachricht<\/label>\n\t\t\t<input type=\"text\" id=\"wpforms-88-field_6\" class=\"wpforms-field-medium\" name=\"wpforms[fields][6]\" >\n\t\t<\/div>\n\t\t<div id=\"wpforms-88-field_2-container\" class=\"wpforms-field wpforms-field-email wpforms-one-half wpforms-first\" data-field-id=\"2\"><label class=\"wpforms-field-label wpforms-label-hide\" for=\"wpforms-88-field_2\" aria-hidden=\"false\">E-Mail-Adresse <span class=\"wpforms-required-label\" aria-hidden=\"true\">*<\/span><\/label><input type=\"email\" id=\"wpforms-88-field_2\" class=\"wpforms-field-large wpforms-field-required\" name=\"wpforms[fields][2]\" placeholder=\"E-Mail-Adresse*\" spellcheck=\"false\" aria-errormessage=\"wpforms-88-field_2-error\" required><\/div><div id=\"wpforms-88-field_5-container\" class=\"wpforms-field wpforms-field-text wpforms-one-half\" data-field-id=\"5\"><label class=\"wpforms-field-label wpforms-label-hide\" for=\"wpforms-88-field_5\" aria-hidden=\"false\">Telefon<\/label><input type=\"text\" id=\"wpforms-88-field_5\" class=\"wpforms-field-large\" name=\"wpforms[fields][5]\" placeholder=\"Telefon\" aria-errormessage=\"wpforms-88-field_5-error\" ><\/div><div id=\"wpforms-88-field_3-container\" class=\"wpforms-field wpforms-field-textarea\" data-field-id=\"3\"><label class=\"wpforms-field-label wpforms-label-hide\" for=\"wpforms-88-field_3\" aria-hidden=\"false\">Ihre Nachricht<\/label><textarea id=\"wpforms-88-field_3\" class=\"wpforms-field-large\" name=\"wpforms[fields][3]\" placeholder=\"Ihre Nachricht\" aria-errormessage=\"wpforms-88-field_3-error\" ><\/textarea><\/div><div id=\"wpforms-88-field_7-container\" class=\"wpforms-field wpforms-field-gdpr-checkbox\" data-field-id=\"7\"><label class=\"wpforms-field-label wpforms-label-hide\" aria-hidden=\"false\">DSGVO-Einverst\u00e4ndnis <span class=\"wpforms-required-label\" aria-hidden=\"true\">*<\/span><\/label><ul id=\"wpforms-88-field_7\" class=\"wpforms-field-required\"><li class=\"choice-1\"><input type=\"checkbox\" id=\"wpforms-88-field_7_1\" name=\"wpforms[fields][7][]\" value=\"Die eingegebenen Informationen werden nur streng zweckgebunden zur Bearbeitung und Beantwortung Ihrer Anfrage benutzt. Die Rechtsgrundlage f\u00fcr die Verarbeitung ist unser legitimes Interesse gem\u00e4\u00df Art. 6 Abs. 1 lit. f DSGVO. Mehr Informationen finden Sie in unserer &lt;a href=&quot;https:\/\/www.sedus.com\/de\/allgemeines\/datenschutzerklaerung&quot;&gt;Datenschutzerkl\u00e4rung&lt;\/a&gt;\" aria-errormessage=\"wpforms-88-field_7_1-error\" required ><label class=\"wpforms-field-label-inline\" for=\"wpforms-88-field_7_1\">Die eingegebenen Informationen werden nur streng zweckgebunden zur Bearbeitung und Beantwortung Ihrer Anfrage benutzt. Die Rechtsgrundlage f\u00fcr die Verarbeitung ist unser legitimes Interesse gem\u00e4\u00df Art. 6 Abs. 1 lit. f DSGVO. Mehr Informationen finden Sie in unserer <a href=\"https:\/\/www.sedus.com\/de\/allgemeines\/datenschutzerklaerung\">Datenschutzerkl\u00e4rung<\/a> <span class=\"wpforms-required-label\" aria-hidden=\"true\">*<\/span><\/label><\/li><\/ul><\/div><script>\n\t\t\t\t( function() {\n\t\t\t\t\tconst style = document.createElement( 'style' );\n\t\t\t\t\tstyle.appendChild( document.createTextNode( '#wpforms-88-field_6-container { position: absolute !important; overflow: hidden !important; display: inline !important; height: 1px !important; width: 1px !important; z-index: -1000 !important; padding: 0 !important; } #wpforms-88-field_6-container input { visibility: hidden; } #wpforms-conversational-form-page #wpforms-88-field_6-container label { counter-increment: none; }' ) );\n\t\t\t\t\tdocument.head.appendChild( style );\n\t\t\t\t\tdocument.currentScript?.remove();\n\t\t\t\t} )();\n\t\t\t<\/script><\/div><!-- .wpforms-field-container --><div class=\"wpforms-submit-container\" ><input type=\"hidden\" name=\"wpforms[id]\" value=\"88\"><input type=\"hidden\" name=\"page_title\" value=\"\"><input type=\"hidden\" name=\"page_url\" value=\"https:\/\/secondlife.sedus.com\/de\/wp-json\/wp\/v2\/pages\/91\"><input type=\"hidden\" name=\"url_referer\" value=\"\"><button type=\"submit\" name=\"wpforms[submit]\" id=\"wpforms-submit-88\" class=\"wpforms-submit\" data-alt-text=\"Wird gesendet\u00a0\u2026\" data-submit-text=\"Nachricht senden\" aria-live=\"assertive\" value=\"wpforms-submit\">Nachricht senden<\/button><img loading=\"lazy\" decoding=\"async\" src=\"https:\/\/secondlife.sedus.com\/wp-content\/plugins\/wpforms-lite\/assets\/images\/submit-spin.svg\" class=\"wpforms-submit-spinner\" style=\"display: none;\" width=\"26\" height=\"26\" alt=\"Wird geladen\"><\/div><\/form><\/div>  <!-- .wpforms-container --><\/div>\n\n\n\n<div class=\"wp-block-column is-layout-flow wp-block-column-is-layout-flow\" style=\"flex-basis:33.33%\"><div class=\"wp-block-image\">\n<figure class=\"aligncenter size-full\"><img loading=\"lazy\" decoding=\"async\" width=\"771\" height=\"708\" src=\"https:\/\/sircle.w3code.de\/wp-content\/uploads\/2025\/11\/Sircle_Kontakt.jpg\" alt=\"\" class=\"wp-image-119\" style=\"object-fit:cover\" srcset=\"https:\/\/secondlife.sedus.com\/wp-content\/uploads\/2025\/11\/Sircle_Kontakt.jpg 771w, https:\/\/secondlife.sedus.com\/wp-content\/uploads\/2025\/11\/Sircle_Kontakt-300x275.jpg 300w, https:\/\/secondlife.sedus.com\/wp-content\/uploads\/2025\/11\/Sircle_Kontakt-768x705.jpg 768w, https:\/\/secondlife.sedus.com\/wp-content\/uploads\/2025\/11\/Sircle_Kontakt-600x551.jpg 600w\" sizes=\"auto, (max-width: 771px) 100vw, 771px\" \/><\/figure>\n<\/div>\n\n\n<p>Gerne k\u00f6nnen Sie uns auch direkt per E-Mail kontaktieren. Wir freuen uns auf Ihre Anfrage!<\/p>\n\n\n\n<p class=\"adress\"><strong>E-Mail<\/strong><br><a href=\"mailto:secondlife@sedus.com\" target=\"_blank\" rel=\"noreferrer noopener nofollow\">secondlife@sedus.com<\/a><\/p>\n\n\n\n<p class=\"adress\"><strong>Anschrift<\/strong><br>S:ircle by Sedus<br>Christof-Stoll-Str. 1<br>79804 Dogern<\/p>\n<\/div>\n<\/div>\n<\/div><\/div>\n","protected":false},"excerpt":{"rendered":"Kontakt Machen Sie den ersten Schritt in Richtung zirkul\u00e4rer B\u00fcrol\u00f6sungen \u2013gemeinsam schlie\u00dfen wir den Kreis. Gerne k\u00f6nnen Sie uns auch direkt per E-Mail kontaktieren. Wir freuen uns auf Ihre Anfrage! E-Mailsecondlife@sedus.com AnschriftS:ircle by SedusChristof-Stoll-Str. 179804 Dogern","protected":false},"author":1,"featured_media":0,"parent":0,"menu_order":0,"comment_status":"closed","ping_status":"closed","template":"","meta":{"_acf_changed":false,"footnotes":""},"class_list":["post-91","page","type-page","status-publish","hentry"],"acf":[],"_links":{"self":[{"href":"https:\/\/secondlife.sedus.com\/de\/wp-json\/wp\/v2\/pages\/91","targetHints":{"allow":["GET"]}}],"collection":[{"href":"https:\/\/secondlife.sedus.com\/de\/wp-json\/wp\/v2\/pages"}],"about":[{"href":"https:\/\/secondlife.sedus.com\/de\/wp-json\/wp\/v2\/types\/page"}],"author":[{"embeddable":true,"href":"https:\/\/secondlife.sedus.com\/de\/wp-json\/wp\/v2\/users\/1"}],"replies":[{"embeddable":true,"href":"https:\/\/secondlife.sedus.com\/de\/wp-json\/wp\/v2\/comments?post=91"}],"version-history":[{"count":15,"href":"https:\/\/secondlife.sedus.com\/de\/wp-json\/wp\/v2\/pages\/91\/revisions"}],"predecessor-version":[{"id":444,"href":"https:\/\/secondlife.sedus.com\/de\/wp-json\/wp\/v2\/pages\/91\/revisions\/444"}],"wp:attachment":[{"href":"https:\/\/secondlife.sedus.com\/de\/wp-json\/wp\/v2\/media?parent=91"}],"curies":[{"name":"wp","href":"https:\/\/api.w.org\/{rel}","templated":true}]}}