 {"id":481,"date":"2025-11-24T21:54:00","date_gmt":"2025-11-24T21:54:00","guid":{"rendered":"https:\/\/secondlife.sedus.com\/contacto\/"},"modified":"2025-12-17T20:40:21","modified_gmt":"2025-12-17T20:40:21","slug":"contacto","status":"publish","type":"page","link":"https:\/\/secondlife.sedus.com\/es\/contacto\/","title":{"rendered":"Contacto"},"content":{"rendered":"\n<div class=\"wp-block-group\"><div class=\"wp-block-group__inner-container is-layout-constrained wp-block-group-is-layout-constrained\">\n<h1 class=\"wp-block-heading has-text-align-center\">Contacto<\/h1>\n\n\n\n<div class=\"wp-block-columns contact is-layout-flex wp-container-core-columns-is-layout-9d6595d7 wp-block-columns-is-layout-flex\">\n<div class=\"wp-block-column is-layout-flow wp-block-column-is-layout-flow\" style=\"flex-basis:66.66%\">\n<p>D\u00e9 el primer paso hacia una soluci\u00f3n de oficina circular: juntos cerraremos el c\u00edrculo.<\/p>\n\n\n<div class=\"wpforms-container wpforms-block wpforms-block-940a2f30-77dd-4576-b531-d2345f262132 wpforms-render-modern\" id=\"wpforms-88\"><form id=\"wpforms-form-88\" class=\"wpforms-validate wpforms-form wpforms-ajax-form\" data-formid=\"88\" method=\"post\" enctype=\"multipart\/form-data\" action=\"\/es\/wp-json\/wp\/v2\/pages\/481\" data-token=\"9cb0e9782958b4116f2121f88f1fd9f8\" data-token-time=\"1776489513\"><noscript class=\"wpforms-error-noscript\">Por favor, activa JavaScript en tu navegador para completar este formulario.<\/noscript><div id=\"wpforms-error-noscript\" style=\"display: none;\">Por favor, activa JavaScript en tu navegador para completar este formulario.<\/div><div class=\"wpforms-field-container\"><div id=\"wpforms-88-field_4-container\" class=\"wpforms-field wpforms-field-text\" data-field-id=\"4\"><label class=\"wpforms-field-label wpforms-label-hide\" for=\"wpforms-88-field_4\" aria-hidden=\"false\">Empresa <span class=\"wpforms-required-label\" aria-hidden=\"true\">*<\/span><\/label><input type=\"text\" id=\"wpforms-88-field_4\" class=\"wpforms-field-large wpforms-field-required\" name=\"wpforms[fields][4]\" placeholder=\"Empresa*\" aria-errormessage=\"wpforms-88-field_4-error\" required><\/div><div id=\"wpforms-88-field_1-container\" class=\"wpforms-field wpforms-field-name\" data-field-id=\"1\"><fieldset><legend class=\"wpforms-field-label wpforms-label-hide\" aria-hidden=\"false\">Nombre <span class=\"wpforms-required-label\" aria-hidden=\"true\">*<\/span><\/legend><div class=\"wpforms-field-row wpforms-field-large\"><div class=\"wpforms-field-row-block wpforms-first wpforms-one-half\"><input type=\"text\" id=\"wpforms-88-field_1\" class=\"wpforms-field-name-first wpforms-field-required\" name=\"wpforms[fields][1][first]\" placeholder=\"Nombre*\" aria-errormessage=\"wpforms-88-field_1-error\" required><label for=\"wpforms-88-field_1\" class=\"wpforms-field-sublabel after wpforms-sublabel-hide\">Nombre<\/label><\/div><div class=\"wpforms-field-row-block wpforms-one-half\"><input type=\"text\" id=\"wpforms-88-field_1-last\" class=\"wpforms-field-name-last wpforms-field-required\" name=\"wpforms[fields][1][last]\" placeholder=\"Apellido(s)*\" aria-errormessage=\"wpforms-88-field_1-last-error\" required><label for=\"wpforms-88-field_1-last\" class=\"wpforms-field-sublabel after wpforms-sublabel-hide\">Apellido(s)<\/label><\/div><\/div><\/fieldset><\/div><div id=\"wpforms-88-field_2-container\" class=\"wpforms-field wpforms-field-email wpforms-one-half wpforms-first\" data-field-id=\"2\"><label class=\"wpforms-field-label wpforms-label-hide\" for=\"wpforms-88-field_2\" aria-hidden=\"false\">Direcci\u00f3n de email <span class=\"wpforms-required-label\" aria-hidden=\"true\">*<\/span><\/label><input type=\"email\" id=\"wpforms-88-field_2\" class=\"wpforms-field-large wpforms-field-required\" name=\"wpforms[fields][2]\" placeholder=\"Direcci\u00f3n de email*\" spellcheck=\"false\" aria-errormessage=\"wpforms-88-field_2-error\" required><\/div><div id=\"wpforms-88-field_5-container\" class=\"wpforms-field wpforms-field-text wpforms-one-half\" data-field-id=\"5\"><label class=\"wpforms-field-label wpforms-label-hide\" for=\"wpforms-88-field_5\" aria-hidden=\"false\">Tel\u00e9fono<\/label><input type=\"text\" id=\"wpforms-88-field_5\" class=\"wpforms-field-large\" name=\"wpforms[fields][5]\" placeholder=\"Tel\u00e9fono\" aria-errormessage=\"wpforms-88-field_5-error\" ><\/div>\t\t<div id=\"wpforms-88-field_6-container\"\n\t\t\tclass=\"wpforms-field wpforms-field-text\"\n\t\t\tdata-field-type=\"text\"\n\t\t\tdata-field-id=\"6\"\n\t\t\t>\n\t\t\t<label class=\"wpforms-field-label\" for=\"wpforms-88-field_6\" >email Consentimiento mensaje<\/label>\n\t\t\t<input type=\"text\" id=\"wpforms-88-field_6\" class=\"wpforms-field-medium\" name=\"wpforms[fields][6]\" >\n\t\t<\/div>\n\t\t<div id=\"wpforms-88-field_3-container\" class=\"wpforms-field wpforms-field-textarea\" data-field-id=\"3\"><label class=\"wpforms-field-label wpforms-label-hide\" for=\"wpforms-88-field_3\" aria-hidden=\"false\">Su mensaje<\/label><textarea id=\"wpforms-88-field_3\" class=\"wpforms-field-large\" name=\"wpforms[fields][3]\" placeholder=\"Su mensaje\" aria-errormessage=\"wpforms-88-field_3-error\" ><\/textarea><\/div><div id=\"wpforms-88-field_7-container\" class=\"wpforms-field wpforms-field-gdpr-checkbox\" data-field-id=\"7\"><label class=\"wpforms-field-label wpforms-label-hide\" aria-hidden=\"false\">Consentimiento RGPD <span class=\"wpforms-required-label\" aria-hidden=\"true\">*<\/span><\/label><ul id=\"wpforms-88-field_7\" class=\"wpforms-field-required\"><li class=\"choice-1\"><input type=\"checkbox\" id=\"wpforms-88-field_7_1\" name=\"wpforms[fields][7][]\" value=\"La informaci\u00f3n introducida solo se utilizar\u00e1 con fines estrictamente espec\u00edficos para procesar y responder a su solicitud. La base jur\u00eddica para el tratamiento es nuestro inter\u00e9s leg\u00edtimo de conformidad con el art\u00edculo 6, apartado 1, letra f) del RGPD. Encontrar\u00e1 m\u00e1s informaci\u00f3n en nuestra &lt;a href=&quot;https:\/\/www.sedus.com\/es\/politica-de-privacidad&quot;&gt;pol\u00edtica de privacidad&lt;\/a&gt;.    \" aria-errormessage=\"wpforms-88-field_7_1-error\" required ><label class=\"wpforms-field-label-inline\" for=\"wpforms-88-field_7_1\">La informaci\u00f3n introducida solo se utilizar\u00e1 con fines estrictamente espec\u00edficos para procesar y responder a su solicitud. La base jur\u00eddica para el tratamiento es nuestro inter\u00e9s leg\u00edtimo de conformidad con el art\u00edculo 6, apartado 1, letra f) del RGPD. Encontrar\u00e1 m\u00e1s informaci\u00f3n en nuestra <a href=\"https:\/\/www.sedus.com\/es\/politica-de-privacidad\">pol\u00edtica de privacidad<\/a>.     <span class=\"wpforms-required-label\" aria-hidden=\"true\">*<\/span><\/label><\/li><\/ul><\/div><script>\n\t\t\t\t( function() {\n\t\t\t\t\tconst style = document.createElement( 'style' );\n\t\t\t\t\tstyle.appendChild( document.createTextNode( '#wpforms-88-field_6-container { position: absolute !important; overflow: hidden !important; display: inline !important; height: 1px !important; width: 1px !important; z-index: -1000 !important; padding: 0 !important; } #wpforms-88-field_6-container input { visibility: hidden; } #wpforms-conversational-form-page #wpforms-88-field_6-container label { counter-increment: none; }' ) );\n\t\t\t\t\tdocument.head.appendChild( style );\n\t\t\t\t\tdocument.currentScript?.remove();\n\t\t\t\t} )();\n\t\t\t<\/script><\/div><!-- .wpforms-field-container --><div class=\"wpforms-submit-container\" ><input type=\"hidden\" name=\"wpforms[id]\" value=\"88\"><input type=\"hidden\" name=\"page_title\" value=\"\"><input type=\"hidden\" name=\"page_url\" value=\"https:\/\/secondlife.sedus.com\/es\/wp-json\/wp\/v2\/pages\/481\"><input type=\"hidden\" name=\"url_referer\" value=\"\"><button type=\"submit\" name=\"wpforms[submit]\" id=\"wpforms-submit-88\" class=\"wpforms-submit\" data-alt-text=\"Enviando...\" data-submit-text=\"Enviar mensaje\" aria-live=\"assertive\" value=\"wpforms-submit\">Enviar mensaje<\/button><img loading=\"lazy\" decoding=\"async\" src=\"https:\/\/secondlife.sedus.com\/wp-content\/plugins\/wpforms-lite\/assets\/images\/submit-spin.svg\" class=\"wpforms-submit-spinner\" style=\"display: none;\" width=\"26\" height=\"26\" alt=\"Cargando\"><\/div><\/form><\/div>  <!-- .wpforms-container --><\/div>\n\n\n\n<div class=\"wp-block-column is-layout-flow wp-block-column-is-layout-flow\" style=\"flex-basis:33.33%\"><div class=\"wp-block-image\">\n<figure class=\"aligncenter size-full\"><img loading=\"lazy\" decoding=\"async\" width=\"771\" height=\"708\" src=\"https:\/\/secondlife.sedus.com\/wp-content\/uploads\/2025\/11\/Sircle_Kontakt.jpg\" alt=\"\" class=\"wp-image-119\" style=\"object-fit:cover\" srcset=\"https:\/\/secondlife.sedus.com\/wp-content\/uploads\/2025\/11\/Sircle_Kontakt.jpg 771w, https:\/\/secondlife.sedus.com\/wp-content\/uploads\/2025\/11\/Sircle_Kontakt-300x275.jpg 300w, https:\/\/secondlife.sedus.com\/wp-content\/uploads\/2025\/11\/Sircle_Kontakt-768x705.jpg 768w, https:\/\/secondlife.sedus.com\/wp-content\/uploads\/2025\/11\/Sircle_Kontakt-600x551.jpg 600w\" sizes=\"auto, (max-width: 771px) 100vw, 771px\" \/><\/figure>\n<\/div>\n\n\n<p>Tambi\u00e9n puede ponerse en contacto con nosotros directamente por correo electr\u00f3nico o tel\u00e9fono. Estaremos encantados de recibir su consulta. <\/p>\n\n\n\n<p class=\"adress\"><strong>Email<\/strong><br\/><a href=\"mailto:secondlife@sedus.com\" target=\"_blank\" rel=\"noreferrer noopener nofollow\">secondlife@sedus.com<\/a><\/p>\n\n\n\n<p class=\"adress\"><strong>Direcci\u00f3n<\/strong><br\/>S:ircle by Sedus<br\/>Christof-Stoll-Str. 1<br\/>79804 Dogern<\/p>\n<\/div>\n<\/div>\n<\/div><\/div>\n","protected":false},"excerpt":{"rendered":"Contacto D\u00e9 el primer paso hacia una soluci\u00f3n de oficina circular: juntos cerraremos el c\u00edrculo. Tambi\u00e9n puede ponerse en contacto con nosotros directamente por correo electr\u00f3nico o tel\u00e9fono. Estaremos encantados de recibir su consulta. Emailsecondlife@sedus.com Direcci\u00f3nS:ircle by SedusChristof-Stoll-Str. 179804 Dogern","protected":false},"author":1,"featured_media":0,"parent":0,"menu_order":0,"comment_status":"closed","ping_status":"closed","template":"","meta":{"_acf_changed":false,"footnotes":""},"class_list":["post-481","page","type-page","status-publish","hentry"],"acf":[],"_links":{"self":[{"href":"https:\/\/secondlife.sedus.com\/es\/wp-json\/wp\/v2\/pages\/481","targetHints":{"allow":["GET"]}}],"collection":[{"href":"https:\/\/secondlife.sedus.com\/es\/wp-json\/wp\/v2\/pages"}],"about":[{"href":"https:\/\/secondlife.sedus.com\/es\/wp-json\/wp\/v2\/types\/page"}],"author":[{"embeddable":true,"href":"https:\/\/secondlife.sedus.com\/es\/wp-json\/wp\/v2\/users\/1"}],"replies":[{"embeddable":true,"href":"https:\/\/secondlife.sedus.com\/es\/wp-json\/wp\/v2\/comments?post=481"}],"version-history":[{"count":3,"href":"https:\/\/secondlife.sedus.com\/es\/wp-json\/wp\/v2\/pages\/481\/revisions"}],"predecessor-version":[{"id":533,"href":"https:\/\/secondlife.sedus.com\/es\/wp-json\/wp\/v2\/pages\/481\/revisions\/533"}],"wp:attachment":[{"href":"https:\/\/secondlife.sedus.com\/es\/wp-json\/wp\/v2\/media?parent=481"}],"curies":[{"name":"wp","href":"https:\/\/api.w.org\/{rel}","templated":true}]}}